{"id":5,"date":"2012-07-21T13:12:15","date_gmt":"2012-07-21T13:12:15","guid":{"rendered":"http:\/\/new.oberlehner.com\/?page_id=5"},"modified":"2024-10-30T12:44:59","modified_gmt":"2024-10-30T12:44:59","slug":"home","status":"publish","type":"page","link":"https:\/\/www.oberlehner.com\/de\/","title":{"rendered":"Home"},"content":{"rendered":"<p>Immobilien sind eine wertbest\u00e4ndige und sichere Anlage. Vor allem Objekte in guter Lage haben das Potential ihren Wert noch erheblich zu steigern. Die Oberlehner Privatstiftung kauft gezielt H\u00e4user und Villen der gehobenen Klasse in Top-Lage in ganz Europa. Wir legen vor allem Wert auf prestigetr\u00e4chtige Lage, sowie gro\u00dfe und kleine Extras, die unsere Objekte besonders hervorheben. Derzeit entwickeln wir eine Reihe von Luxus-Mieth\u00e4usern in Wien, sowie etliche Objekte in Kitzb\u00fchl, Linz und St. Tropez.<\/p>\n<p><\/p>","protected":false},"excerpt":{"rendered":"<p>Immobilien sind eine wertbest\u00e4ndige und sichere Anlage. Vor allem Objekte in guter Lage haben das Potential ihren Wert noch erheblich zu steigern. Die Oberlehner Privatstiftung kauft gezielt H\u00e4user und Villen der gehobenen Klasse in Top-Lage in ganz Europa. Wir legen vor allem Wert auf prestigetr\u00e4chtige Lage, sowie gro\u00dfe und kleine Extras, die unsere Objekte besonders [&hellip;]<\/p>\n","protected":false},"author":1,"featured_media":0,"parent":0,"menu_order":0,"comment_status":"open","ping_status":"open","template":"page-home.php","meta":{"ngg_post_thumbnail":0},"_links":{"self":[{"href":"https:\/\/www.oberlehner.com\/de\/wp-json\/wp\/v2\/pages\/5"}],"collection":[{"href":"https:\/\/www.oberlehner.com\/de\/wp-json\/wp\/v2\/pages"}],"about":[{"href":"https:\/\/www.oberlehner.com\/de\/wp-json\/wp\/v2\/types\/page"}],"author":[{"embeddable":true,"href":"https:\/\/www.oberlehner.com\/de\/wp-json\/wp\/v2\/users\/1"}],"replies":[{"embeddable":true,"href":"https:\/\/www.oberlehner.com\/de\/wp-json\/wp\/v2\/comments?post=5"}],"version-history":[{"count":17,"href":"https:\/\/www.oberlehner.com\/de\/wp-json\/wp\/v2\/pages\/5\/revisions"}],"predecessor-version":[{"id":1705,"href":"https:\/\/www.oberlehner.com\/de\/wp-json\/wp\/v2\/pages\/5\/revisions\/1705"}],"wp:attachment":[{"href":"https:\/\/www.oberlehner.com\/de\/wp-json\/wp\/v2\/media?parent=5"}],"curies":[{"name":"wp","href":"https:\/\/api.w.org\/{rel}","templated":true}]}}