{"id":229,"date":"2015-11-25T00:58:39","date_gmt":"2015-11-25T00:58:39","guid":{"rendered":"http:\/\/www.oberlehner.com\/?page_id=229"},"modified":"2023-08-03T20:50:55","modified_gmt":"2023-08-03T20:50:55","slug":"rental","status":"publish","type":"page","link":"https:\/\/www.oberlehner.com\/de\/rental\/","title":{"rendered":"Vermietung"},"content":{"rendered":"<p><br \/>\nFolgende Liegenschaften sind zur direkten Vermietung verf\u00fcgbar:<\/p>\n<ul>\n<li class=\"p1\"><a href=\"https:\/\/www.daskitz.com\">Das Kitz Chalets, Apartments (Kitzb\u00fchel, Jochberg\/Reith bei Kitzb\u00fchel)<\/a><\/li>\n<li class=\"p1\">Appartements Steuerberg (Kitzb\u00fchel, \u00d6sterreich)<\/li>\n<li class=\"p1\">Appartements (Wien, \u00d6sterreich)<\/li>\n<li class=\"p1\">Appartements &amp; Wohnungen Patelin Bellevue (Linz, \u00d6sterreich)<\/li>\n<li class=\"p1\">Studentenwohnungen (Wien, \u00d6sterreich)<\/li>\n<li class=\"p1\"><a href=\"https:\/\/www.villarocazur.com\">VillaRocAzur (St. Tropez, France)<\/a><\/li>\n<li class=\"p1\"><a href=\"https:\/\/www.booking.com\/hotel\/fr\/les-bouis.de.html\">Hotel les Bouis (Ramatuelle, Frankreich)<\/a><\/li>\n<\/ul>\n<p>Bitte kontaktieren Sie unseren lokalen Experten f\u00fcr Ausk\u00fcnfte: <a href=\"m&#97;&#105;&#x6c;&#x74;&#x6f;&#x3a;i&#110;&#102;&#111;&#x40;&#x6f;&#x62;er&#108;&#101;&#x68;&#x6e;&#x65;r&#46;&#99;&#111;&#x6d;\">A. Oberlehner<\/a><br \/>\n<\/p>","protected":false},"excerpt":{"rendered":"<p>Folgende Liegenschaften sind zur direkten Vermietung verf\u00fcgbar: Das Kitz Chalets, Apartments (Kitzb\u00fchel, Jochberg\/Reith bei Kitzb\u00fchel) Appartements Steuerberg (Kitzb\u00fchel, \u00d6sterreich) Appartements (Wien, \u00d6sterreich) Appartements &amp; Wohnungen Patelin Bellevue (Linz, \u00d6sterreich) Studentenwohnungen (Wien, \u00d6sterreich) VillaRocAzur (St. Tropez, France) Hotel les Bouis (Ramatuelle, Frankreich) Bitte kontaktieren Sie unseren lokalen Experten f\u00fcr Ausk\u00fcnfte: A. Oberlehner<\/p>\n","protected":false},"author":4,"featured_media":0,"parent":0,"menu_order":0,"comment_status":"closed","ping_status":"closed","template":"","meta":{"ngg_post_thumbnail":0},"_links":{"self":[{"href":"https:\/\/www.oberlehner.com\/de\/wp-json\/wp\/v2\/pages\/229"}],"collection":[{"href":"https:\/\/www.oberlehner.com\/de\/wp-json\/wp\/v2\/pages"}],"about":[{"href":"https:\/\/www.oberlehner.com\/de\/wp-json\/wp\/v2\/types\/page"}],"author":[{"embeddable":true,"href":"https:\/\/www.oberlehner.com\/de\/wp-json\/wp\/v2\/users\/4"}],"replies":[{"embeddable":true,"href":"https:\/\/www.oberlehner.com\/de\/wp-json\/wp\/v2\/comments?post=229"}],"version-history":[{"count":17,"href":"https:\/\/www.oberlehner.com\/de\/wp-json\/wp\/v2\/pages\/229\/revisions"}],"predecessor-version":[{"id":1338,"href":"https:\/\/www.oberlehner.com\/de\/wp-json\/wp\/v2\/pages\/229\/revisions\/1338"}],"wp:attachment":[{"href":"https:\/\/www.oberlehner.com\/de\/wp-json\/wp\/v2\/media?parent=229"}],"curies":[{"name":"wp","href":"https:\/\/api.w.org\/{rel}","templated":true}]}}