{"id":1268,"date":"2023-05-24T07:56:36","date_gmt":"2023-05-24T07:56:36","guid":{"rendered":"https:\/\/www.oberlehner.com\/?page_id=1268"},"modified":"2023-06-05T10:56:26","modified_gmt":"2023-06-05T10:56:26","slug":"vienna","status":"publish","type":"page","link":"https:\/\/www.oberlehner.com\/de\/vienna\/","title":{"rendered":"Petite Maison Climatisation (19. Bezirk)"},"content":{"rendered":"<p>Bellevuestrasse 54, mit Garten,&nbsp;unter die sch\u00f6nste Lage in Wien<\/p>\nngg_shortcode_0_placeholder\n<ul>\n<li>4 Schlafzimmer (Fu\u00dfboden franz\u00f6sische Eiche )<\/li>\n<li>1 Kinderzimmer<\/li>\n<li>Neue K\u00fcche<\/li>\n<li>Wohnzimmer<\/li>\n<li>Esszimmer<\/li>\n<li>Diele mit Klavier<\/li>\n<li>Fitnessraum<\/li>\n<li>Sauna<\/li>\n<li>Garten mit automatischer Bew\u00e4sserung<\/li>\n<li>300 Rosenst\u00f6cke<\/li>\n<li>Neue Klimanlagen in allen Wohnr\u00e4umen,<\/li>\n<li>teilm\u00f6bliert<\/li>\n<\/ul>\n<div>Preis und Laufzeit auf Anfrage<\/div>\n<div>Tel.: +436642006100<\/div>\n<p>ngg_shortcode_1_placeholder<\/p>","protected":false},"excerpt":{"rendered":"<p>Bellevuestrasse 54, mit Garten,&nbsp;unter die sch\u00f6nste Lage in Wien 4 Schlafzimmer (Fu\u00dfboden franz\u00f6sische Eiche ) 1 Kinderzimmer Neue K\u00fcche Wohnzimmer Esszimmer Diele mit Klavier Fitnessraum Sauna Garten mit automatischer Bew\u00e4sserung 300 Rosenst\u00f6cke Neue Klimanlagen in allen Wohnr\u00e4umen, teilm\u00f6bliert Preis und Laufzeit auf Anfrage Tel.: +436642006100<\/p>\n","protected":false},"author":43,"featured_media":1309,"parent":0,"menu_order":0,"comment_status":"closed","ping_status":"closed","template":"","meta":{"ngg_post_thumbnail":0},"_links":{"self":[{"href":"https:\/\/www.oberlehner.com\/de\/wp-json\/wp\/v2\/pages\/1268"}],"collection":[{"href":"https:\/\/www.oberlehner.com\/de\/wp-json\/wp\/v2\/pages"}],"about":[{"href":"https:\/\/www.oberlehner.com\/de\/wp-json\/wp\/v2\/types\/page"}],"author":[{"embeddable":true,"href":"https:\/\/www.oberlehner.com\/de\/wp-json\/wp\/v2\/users\/43"}],"replies":[{"embeddable":true,"href":"https:\/\/www.oberlehner.com\/de\/wp-json\/wp\/v2\/comments?post=1268"}],"version-history":[{"count":14,"href":"https:\/\/www.oberlehner.com\/de\/wp-json\/wp\/v2\/pages\/1268\/revisions"}],"predecessor-version":[{"id":1336,"href":"https:\/\/www.oberlehner.com\/de\/wp-json\/wp\/v2\/pages\/1268\/revisions\/1336"}],"wp:featuredmedia":[{"embeddable":true,"href":"https:\/\/www.oberlehner.com\/de\/wp-json\/wp\/v2\/media\/1309"}],"wp:attachment":[{"href":"https:\/\/www.oberlehner.com\/de\/wp-json\/wp\/v2\/media?parent=1268"}],"curies":[{"name":"wp","href":"https:\/\/api.w.org\/{rel}","templated":true}]}}