{"id":10,"date":"2012-07-21T13:37:24","date_gmt":"2012-07-21T13:37:24","guid":{"rendered":"http:\/\/new.oberlehner.com\/?page_id=10"},"modified":"2024-10-22T11:59:56","modified_gmt":"2024-10-22T11:59:56","slug":"linz","status":"publish","type":"page","link":"https:\/\/www.oberlehner.com\/de\/linz\/","title":{"rendered":"Linz"},"content":{"rendered":"<p><div style=\"width: 848px;\" class=\"wp-video\"><!--[if lt IE 9]><script>document.createElement('video');<\/script><![endif]-->\n<video class=\"wp-video-shortcode\" id=\"video-10-1\" width=\"848\" height=\"480\" poster=\"https:\/\/www.oberlehner.com\/wp-content\/uploads\/18\/2024\/10\/vlcsnap-2024-10-22-12h55m35s068.jpg\" loop=\"1\" autoplay=\"1\" preload=\"metadata\" controls=\"controls\"><source type=\"video\/mp4\" src=\"https:\/\/www.oberlehner.com\/wp-content\/uploads\/18\/2024\/10\/VIDEO-2023-10-22-22-15-34.mp4?_=1\" \/><a href=\"https:\/\/www.oberlehner.com\/wp-content\/uploads\/18\/2024\/10\/VIDEO-2023-10-22-22-15-34.mp4\">https:\/\/www.oberlehner.com\/wp-content\/uploads\/18\/2024\/10\/VIDEO-2023-10-22-22-15-34.mp4<\/a><\/video><\/div><\/p>\n<p>Linz ist die Landeshauptstadt von Ober\u00f6sterreich und mit 189.355 Einwohnern (Stand: 1. J\u00e4nner 2009) nach Wien und Graz die drittgr\u00f6\u00dfte Stadt \u00d6sterreichs. Die Stadt ist Zentrum des ober\u00f6sterreichischen Zentralraums und hat eine Fl\u00e4che von 96,048 km\u00b2. Linz ist Statutarstadt und somit sowohl Gemeinde als auch Bezirk.<\/p>\nngg_shortcode_0_placeholder\n<h2>Pateline Bellevue<\/h2>\n<p>In Linz entwickelt die Oberlehner Privatstiftung einen Villenkomplex. Leicht erh\u00f6ht, am Stadtrand gelegen genie\u00dft das Projekt eine einzigartige Lage und einen unvergleichbaren Blick auf Linz. Neben einem gro\u00dfz\u00fcgigen Indoor-Pool verf\u00fcgt das Objekt auch \u00fcber eine unterirdische Garage und ein G\u00e4stehaus zur Einquartierung von Gesch\u00e4ftspartnern oder Freunden.<\/p>\n<h3>Ausstattungsmerkmale:<\/h3>\n<p>S\u00e4mtliche Wohnr\u00e4ume sind &nbsp;mit &#8222;Franz\u00f6sischer Eiche &#8220; ausgestattet. Durch die wellige Oberflaeche wir die Fusssohle massiert.&nbsp;Es werden ausschlie\u00dflich alte heimische &#8222;chemisch unbehandelte &#8220; H\u00f6lzer verwendet.<\/p>\n<ul>\n<li>4-Jahreszeiten Loggia<\/li>\n<li>Alte Gew\u00f6lbe wurden erhalten<\/li>\n<li>Fu\u00dfboden nach franz\u00f6sischem Stil<\/li>\n<li>Beste Sicherheit mit Simons Voss Zutrittssystem und WK2 einbruchsichere T\u00fcren.<\/li>\n<li>Innenansicht. (Pool befindet sich im Bau.)<\/li>\n<li>Je nach Anlass k\u00f6nnen die 3 H\u00e4user direkt indirekt oder auch nur die Terrassenb\u00f6den beleuchtet werden.<\/li>\n<li>Herrliches Panorama \u00fcber Linz<\/li>\n<li>Begehbare Kleiderschr\u00e4nke: Unsere Tischler erf\u00fcllen Ihnen jeden Wunsch.<\/li>\n<\/ul>\n<p><\/p>","protected":false},"excerpt":{"rendered":"<p>Linz ist die Landeshauptstadt von Ober\u00f6sterreich und mit 189.355 Einwohnern (Stand: 1. J\u00e4nner 2009) nach Wien und Graz die drittgr\u00f6\u00dfte Stadt \u00d6sterreichs. Die Stadt ist Zentrum des ober\u00f6sterreichischen Zentralraums und hat eine Fl\u00e4che von 96,048 km\u00b2. Linz ist Statutarstadt und somit sowohl Gemeinde als auch Bezirk. Pateline Bellevue In Linz entwickelt die Oberlehner Privatstiftung einen [&hellip;]<\/p>\n","protected":false},"author":1,"featured_media":0,"parent":0,"menu_order":0,"comment_status":"open","ping_status":"open","template":"","meta":{"ngg_post_thumbnail":0},"_links":{"self":[{"href":"https:\/\/www.oberlehner.com\/de\/wp-json\/wp\/v2\/pages\/10"}],"collection":[{"href":"https:\/\/www.oberlehner.com\/de\/wp-json\/wp\/v2\/pages"}],"about":[{"href":"https:\/\/www.oberlehner.com\/de\/wp-json\/wp\/v2\/types\/page"}],"author":[{"embeddable":true,"href":"https:\/\/www.oberlehner.com\/de\/wp-json\/wp\/v2\/users\/1"}],"replies":[{"embeddable":true,"href":"https:\/\/www.oberlehner.com\/de\/wp-json\/wp\/v2\/comments?post=10"}],"version-history":[{"count":49,"href":"https:\/\/www.oberlehner.com\/de\/wp-json\/wp\/v2\/pages\/10\/revisions"}],"predecessor-version":[{"id":1701,"href":"https:\/\/www.oberlehner.com\/de\/wp-json\/wp\/v2\/pages\/10\/revisions\/1701"}],"wp:attachment":[{"href":"https:\/\/www.oberlehner.com\/de\/wp-json\/wp\/v2\/media?parent=10"}],"curies":[{"name":"wp","href":"https:\/\/api.w.org\/{rel}","templated":true}]}}